{"id":84,"date":"2017-07-18T13:21:36","date_gmt":"2017-07-18T11:21:36","guid":{"rendered":"https:\/\/beniuk.gr5.pl\/apologetyka2\/?page_id=84"},"modified":"2024-01-24T08:57:30","modified_gmt":"2024-01-24T08:57:30","slug":"o-mnie","status":"publish","type":"page","link":"https:\/\/beniuk.gr5.pl\/apologetyka2\/o-mnie\/","title":{"rendered":"O stronie"},"content":{"rendered":"<p>Co to znaczy apologetyka?<br \/>\n<b>Apologetyka<\/b> (\u0142ac. <i>apologeticum<\/i>, z gr. \u1f00\u03c0\u03bf\u03bb\u03bf\u03b3\u03af\u03b1) \u2013 dzia\u0142 teologii (teologia fundamentalna, kt\u00f3rej apologetyka jest wymiarem praktycznym) lub literatury zajmuj\u0105cy si\u0119 obron\u0105 wiary, w szczeg\u00f3lno\u015bci chrze\u015bcija\u0144skiej, przed zarzutami przeciwnik\u00f3w oraz uzasadniaj\u0105cy podstawowe prawdy wiary. Termin ten r\u00f3wnie\u017c dotyczy\u0107 mo\u017ce tw\u00f3rczo\u015bci pisarskiej apologet\u00f3w. Mianem tym okre\u015bla si\u0119 pisarzy wczesnochrze\u015bcija\u0144skich z II i III w..(Wikipedia)<\/p>\n<blockquote><p>Ko\u015bci\u00f3\u0142 musi promowa\u0107 na wszystkich szczeblach swego nauczania apologetyk\u0119, kt\u00f3rej celem jest potwierdzanie prawdziwo\u015bci chrze\u015bcija\u0144skiego Objawienia, harmonii mi\u0119dzy wiar\u0105 i rozumem oraz poprawnego rozumienia wolno\u015bci(&#8230;)Nowa apologetyka na nowe tysi\u0105clecie.<br \/>\n<em>Kard<\/em>. William <em>Levada, by\u0142y prefekt Kongregacji Nauki i Wiary <\/em>, <a href=\"http:\/\/www.radiovaticana.va\/pol_RG\/2010\/aprile\/10_04_30.html\" target=\"_blank\" rel=\"noopener noreferrer\">Depesza Radia Watyka\u0144skiego<\/a> \u00a0z 30.04.2010<\/p><\/blockquote>\n<p>Sprzeciwiamy si\u0119 <strong>ateistycznemu fundamentalizmowi, ekstremizmowi<\/strong>. Czyli\u00a0rygorystycznym przestrzeganiem zasad i norm wyznaczonych przez doktryn\u0119 ateistyczn\u0105 i\u00a0po\u0142\u0105czone cz\u0119sto z narzucaniem tych zasad innym cz\u0142onkom spo\u0142eczno\u015bci niekoniecznie wyznaj\u0105cym te same pogl\u0105dy na religijno\u015b\u0107,\u00a0cz\u0119sto po\u0142\u0105czone z pom\u00f3wieniami, nietolernacj\u0105 i chrystianofobi\u0105.<br \/>\nWyst\u0119pujemy przeciwko uprzedzeniom, k\u0142amstwom i absurdom.<br \/>\nWyst\u0119pujemy przeciwko wielu tezom w artyku\u0142ach zawartych w serwisie www.racjonalista.pl<\/p>\n<blockquote class=\"tr_bq\"><p>Albo moja nienawi\u015b\u0107 skierowana jest przeciw rzeczywisto\u015bci Boga, albo przeciw fantazji.\u00a0Je\u015bli jest wymierzona w wytw\u00f3r mojej wyobra\u017ani, to znaczy, \u017ce jestem ob\u0142\u0105kany.<br \/>\nCzy istnia\u0142yby prawa zabraniaj\u0105ce palenia papieros\u00f3w, gdyby nie by\u0142o papieros\u00f3w?<br \/>\nCzy istnia\u0142aby prohibicja, gdyby nie by\u0142o czego zakaza\u0107?<br \/>\nJak mo\u017ce istnie\u0107 ateizm, je\u015bli nie istnieje co\u015b, co da si\u0119 zanegowa\u0107?<br \/>\n<strong>Tym, co ratuje ateizm przed ob\u0142\u0119dem i szale\u0144stwem, jest fakt, \u017ce B\u00f3g istnieje; w przeciwnym razie ateizm jest szturmowaniem zjaw i walk\u0105 z wiatrakami.<\/strong><br \/>\n<i>Arcybiskup Fulton J. Sheen &#8222;What Can I Do?&#8221;, 1936 r. str. 6.<\/i><\/p><\/blockquote>\n<p><strong>&#8222;Wiara, pozbawiona oparcia w rozumie, skupi\u0142a si\u0119 bardziej na uczuciach i prze\u017cyciach, co stwarza zagro\u017cenie, \u017ce przestanie by\u0107 propozycj\u0105 uniwersaln\u0105.<\/strong> Z\u0142udne jest mniemanie, \u017ce wiara mo\u017ce silniej oddzia\u0142ywa\u0107 na s\u0142aby rozum; przeciwnie, jest w\u00f3wczas nara\u017cona na powa\u017cne niebezpiecze\u0144stwo, mo\u017ce bowiem zosta\u0107<strong> sprowadzona do poziomu mitu lub przes\u0105du.<\/strong> Analogicznie, gdy rozum nie ma do czynienia z dojrza\u0142\u0105 wiar\u0105, brakuje mu bod\u017aca, kt\u00f3ry kaza\u0142by skupi\u0107 uwag\u0119 na specyfice i g\u0142\u0119bi bytu:&#8221; <strong>Fides et Ratio, 48<\/strong><\/p>\n<p class=\"entry\"><strong>Wszystko badajcie, a co szlachetne &#8211; zachowujcie! Unikajcie wszystkiego, co ma cho\u0107by poz\u00f3r z\u0142a.<\/strong> <strong>1 Tes 5,21-22<\/strong><\/p>\n<p>\u200bZapraszam<br \/>\n<img loading=\"lazy\" decoding=\"async\" class=\"alignnone wp-image-4146\" src=\"https:\/\/beniuk.gr5.pl\/apologetyka2\/wp-content\/uploads\/2024\/01\/2024-01-21_193512.png\" alt=\"\" width=\"248\" height=\"307\" srcset=\"https:\/\/beniuk.gr5.pl\/apologetyka2\/wp-content\/uploads\/2024\/01\/2024-01-21_193512.png 524w, https:\/\/beniuk.gr5.pl\/apologetyka2\/wp-content\/uploads\/2024\/01\/2024-01-21_193512-243x300.png 243w\" sizes=\"auto, (max-width: 248px) 100vw, 248px\" \/><br \/>\n<strong>Kamil Beniuk &#8211; pomys\u0142odawca i wykonawca serwisu apologetyka.org<\/strong><br \/>\nM\u0105\u017c Kasi i tata Oli i Piotra, mgr teologii UKSW, katecheta. Pasjonat apologetyki. Fanboy duchowo\u015bci \u015bw. Weroniki Giulliani (<a href=\"http:\/\/www.weronika.net\" target=\"_blank\" rel=\"noopener\">www.weronika.net)<\/a>. Tak\u017ce Gamer (FTP, RTS), Cybersecurity (WordPress, Android, Windows), tekst, muzyka i produkcja pie\u015bni religijnej, Rysunek (o\u0142\u00f3wek, akwarela), Ikonografia.<\/p>\n<div data-pm-slice=\"1 1 []\" data-en-clipboard=\"true\">Je\u015bli ci si\u0119 podoba, to postaw mi kaw\u0119: <a href=\"https:\/\/buycoffee.to\/beniuk\" target=\"_blank\" rel=\"noopener\">https:\/\/buycoffee.to\/beniuk<\/a><\/div>\n<div>Dzi\u0119ki.<\/div>\n<div>Podsumowanie strony:<\/div>\n<div><div class=\"sbs-blog-stats\"><ul id=\"sbs-stats\"><li><span>785<\/span> posts<\/li><li><span>13<\/span> pages<\/li><li><span>11<\/span> drafts<\/li><li><span>0<\/span> words<\/li><li><span>342<\/span> total comments<\/li><li><span>0<\/span> comments in queue<\/li><li><span>164<\/span> comments approved<\/li><li><span>1<\/span> registered users<\/li><li><span>114<\/span> categories<\/li><li><span>940<\/span> tags<\/li><\/ul><\/div><\/div>\n<div><\/div>\n<p>Pytania i inne kieruj na:<\/p>\n<form action=\"https:\/\/beniuk.gr5.pl\/apologetyka2\/wp-json\/ws-form\/v1\/submit\" class=\"wsf-form wsf-form-canvas\" id=\"ws-form-1\" data-id=\"1\" data-instance-id=\"1\" method=\"POST\"><\/form>\n<p><strong>Spo\u0142eczno\u015bciowe:<\/strong><\/p>\n<div data-pm-slice=\"1 1 []\" data-en-clipboard=\"true\">Facebook: <a href=\"https:\/\/www.facebook.com\/kbeniuk\" target=\"_blank\" rel=\"noopener\" rev=\"en_rl_none\">https:\/\/www.facebook.com\/kbeniuk<\/a><\/div>\n<div>Redit: <a href=\"https:\/\/www.reddit.com\/user\/Fargo2023\" target=\"_blank\" rel=\"noopener\" rev=\"en_rl_none\">https:\/\/www.reddit.com\/user\/Fargo2023<\/a><\/div>\n<div>Quora: <a href=\"https:\/\/pl.quora.com\/profile\/Kamil-Beniuk\" target=\"_blank\" rel=\"noopener\" rev=\"en_rl_none\">https:\/\/pl.quora.com\/profile\/Kamil-Beniuk<\/a><\/div>\n<div>Twitter: <a href=\"https:\/\/twitter.com\/Ruch_Oporu2\" target=\"_blank\" rel=\"noopener\" rev=\"en_rl_none\">https:\/\/twitter.com\/Ruch_Oporu2<\/a><\/div>\n<div>Linkedin: <a href=\"https:\/\/www.linkedin.com\/in\/kamil-beniuk-763409283\/\" target=\"_blank\" rel=\"noopener\" rev=\"en_rl_none\">https:\/\/www.linkedin.com\/in\/kamil-beniuk-763409283\/<\/a><\/div>\n<div>Tumblr: <a href=\"https:\/\/www.tumblr.com\/fargo2023\" target=\"_blank\" rel=\"noopener\" rev=\"en_rl_none\">https:\/\/www.tumblr.com\/fargo2023<\/a><\/div>\n<div>Instagram: <a href=\"https:\/\/www.instagram.com\/kbeniuk\/?igsh=MXE5NGJmZGMzbmZs\" target=\"_blank\" rel=\"noopener\" rev=\"en_rl_none\">https:\/\/www.instagram.com\/kbeniuk\/?igsh=MXE5NGJmZGMzbmZs<\/a><\/div>\n<div>TikTok: <a href=\"https:\/\/www.tiktok.com\/@kbeniuk\" target=\"_blank\" rel=\"noopener\" rev=\"en_rl_none\">https:\/\/www.tiktok.com\/@kbeniuk<\/a><\/div>\n<div>DeviantArt: <a href=\"https:\/\/www.deviantart.com\/fargo2023\" target=\"_blank\" rel=\"noopener\" rev=\"en_rl_none\">https:\/\/www.deviantart.com\/fargo2023<\/a><\/div>\n<div>BandLab: <a href=\"https:\/\/www.bandlab.com\/kam_beniuk\" target=\"_blank\" rel=\"noopener\">https:\/\/www.bandlab.com\/kam_beniuk<\/a><\/div>\n<div>Soundcloud: <a href=\"https:\/\/soundcloud.com\/laudate-216888652\/sets\/trzy-serca-piesni-uwielbienia-demo?utm_source=clipboard&amp;utm_medium=text&amp;utm_campaign=social_sharing\" target=\"_blank\" rel=\"noopener\">Trzy Serca<\/a><\/div>\n<div><\/div>\n<p><strong>Dzia\u0142am tak\u017ce na:<\/strong><br \/>\n<a href=\"https:\/\/www.wykop.pl\/ludzie\/Fargo2\/\" target=\"_blank\" rel=\"noopener noreferrer\">https:\/\/www.wykop.pl\/ludzie\/Fargo2\/<\/a><br \/>\n<a href=\"https:\/\/gloria.tv\/Fargo\" target=\"_blank\" rel=\"noopener noreferrer\">https:\/\/gloria.tv\/Fargo<\/a><br \/>\n<a href=\"https:\/\/zchrystusem.pl\/memberlist.php?mode=viewprofile&amp;u=818\" target=\"_blank\" rel=\"noopener noreferrer\">https:\/\/zchrystusem.pl\/memberlist.php?mode=viewprofile&amp;u=818<\/a><br \/>\n<a href=\"https:\/\/forum.wiara.pl\/index.php\" target=\"_blank\" rel=\"noopener noreferrer\">https:\/\/forum.wiara.pl\/index.php<\/a><br \/>\n<a href=\"http:\/\/blog.wiara.pl\/apologetyka\/\" target=\"_blank\" rel=\"noopener noreferrer\">http:\/\/blog.wiara.pl\/apologetyka\/<\/a><br \/>\n<a href=\"http:\/\/biblia.webd.pl\/forum\/index.php\" target=\"_blank\" rel=\"noopener noreferrer\">http:\/\/biblia.webd.pl\/forum\/index.php<\/a><br \/>\n<a href=\"https:\/\/blog.deon.pl\/\" target=\"_blank\" rel=\"noopener noreferrer\">https:\/\/blog.deon.pl\/<\/a><br \/>\n<a href=\"http:\/\/www.sfinia.fora.pl\/\" target=\"_blank\" rel=\"noopener noreferrer\">http:\/\/www.sfinia.fora.pl\/<\/a><br \/>\n<a href=\"https:\/\/www.dyskusje.katolik.pl\/\" target=\"_blank\" rel=\"noopener noreferrer\">https:\/\/www.dyskusje.katolik.pl\/<\/a><\/p>\n","protected":false},"excerpt":{"rendered":"<p>Co to znaczy apologetyka? Apologetyka (\u0142ac. apologeticum, z gr. \u1f00\u03c0\u03bf\u03bb\u03bf\u03b3\u03af\u03b1) \u2013 dzia\u0142 teologii (teologia fundamentalna, kt\u00f3rej apologetyka jest wymiarem praktycznym) lub literatury zajmuj\u0105cy si\u0119 obron\u0105 wiary, w szczeg\u00f3lno\u015bci chrze\u015bcija\u0144skiej, przed zarzutami przeciwnik\u00f3w oraz uzasadniaj\u0105cy podstawowe prawdy wiary. Termin ten r\u00f3wnie\u017c&hellip; <\/p>\n","protected":false},"author":1,"featured_media":0,"parent":0,"menu_order":0,"comment_status":"closed","ping_status":"closed","template":"","meta":{"_sitemap_exclude":false,"_sitemap_priority":"","_sitemap_frequency":"","footnotes":""},"class_list":["post-84","page","type-page","status-publish","hentry"],"_links":{"self":[{"href":"https:\/\/beniuk.gr5.pl\/apologetyka2\/wp-json\/wp\/v2\/pages\/84","targetHints":{"allow":["GET"]}}],"collection":[{"href":"https:\/\/beniuk.gr5.pl\/apologetyka2\/wp-json\/wp\/v2\/pages"}],"about":[{"href":"https:\/\/beniuk.gr5.pl\/apologetyka2\/wp-json\/wp\/v2\/types\/page"}],"author":[{"embeddable":true,"href":"https:\/\/beniuk.gr5.pl\/apologetyka2\/wp-json\/wp\/v2\/users\/1"}],"replies":[{"embeddable":true,"href":"https:\/\/beniuk.gr5.pl\/apologetyka2\/wp-json\/wp\/v2\/comments?post=84"}],"version-history":[{"count":19,"href":"https:\/\/beniuk.gr5.pl\/apologetyka2\/wp-json\/wp\/v2\/pages\/84\/revisions"}],"predecessor-version":[{"id":4239,"href":"https:\/\/beniuk.gr5.pl\/apologetyka2\/wp-json\/wp\/v2\/pages\/84\/revisions\/4239"}],"wp:attachment":[{"href":"https:\/\/beniuk.gr5.pl\/apologetyka2\/wp-json\/wp\/v2\/media?parent=84"}],"curies":[{"name":"wp","href":"https:\/\/api.w.org\/{rel}","templated":true}]}}